{"id":737,"date":"2023-09-17T11:57:30","date_gmt":"2023-09-17T11:57:30","guid":{"rendered":"https:\/\/www.nadiabirkenstock.com\/de\/?page_id=737"},"modified":"2025-02-27T15:50:48","modified_gmt":"2025-02-27T15:50:48","slug":"impressum","status":"publish","type":"page","link":"https:\/\/www.nadiabirkenstock.com\/de\/impressum\/","title":{"rendered":"Impressum"},"content":{"rendered":"<p>[et_pb_section fb_built=&#8220;1&#8243; admin_label=&#8220;Page Title Section&#8220; _builder_version=&#8220;4.22.1&#8243; use_background_color_gradient=&#8220;on&#8220; background_color_gradient_direction=&#8220;90deg&#8220; background_color_gradient_stops=&#8220;#f4f4f4 75%|rgba(244,244,244,0) 95%&#8220; background_color_gradient_overlays_image=&#8220;on&#8220; background_color_gradient_start=&#8220;#f4f4f4&#8243; background_color_gradient_start_position=&#8220;50%&#8220; background_color_gradient_end=&#8220;rgba(244,244,244,0)&#8220; background_color_gradient_end_position=&#8220;80%&#8220; background_enable_image=&#8220;off&#8220; custom_padding=&#8220;150px||150px|&#8220; global_colors_info=&#8220;%91%93&#8243;][et_pb_row _builder_version=&#8220;4.16&#8243; background_color=&#8220;#383e59&#8243; background_size=&#8220;initial&#8220; background_position=&#8220;top_left&#8220; background_repeat=&#8220;repeat&#8220; max_width=&#8220;960px&#8220; custom_margin=&#8220;||40px|0px&#8220; custom_padding=&#8220;27px|40px||10%&#8220; animation_style=&#8220;slide&#8220; animation_direction=&#8220;left&#8220; animation_intensity_slide=&#8220;2%&#8220; border_radii=&#8220;||6px|6px|&#8220; border_width_right=&#8220;30px&#8220; border_color_right=&#8220;#bdada0&#8243; box_shadow_style=&#8220;preset3&#8243; box_shadow_vertical=&#8220;35px&#8220; box_shadow_blur=&#8220;70px&#8220; box_shadow_spread=&#8220;-35px&#8220; box_shadow_color=&#8220;rgba(0,0,0,0.6)&#8220; use_custom_width=&#8220;on&#8220; custom_width_px=&#8220;960px&#8220; global_colors_info=&#8220;{}&#8220;][et_pb_column type=&#8220;4_4&#8243; _builder_version=&#8220;4.16&#8243; custom_padding=&#8220;|||&#8220; custom_padding_tablet=&#8220;|||10%&#8220; custom_padding_last_edited=&#8220;off|desktop&#8220; global_colors_info=&#8220;{}&#8220; padding_tablet=&#8220;|||10%&#8220; padding_last_edited=&#8220;off|desktop&#8220; custom_padding__hover=&#8220;|||&#8220;][et_pb_text admin_label=&#8220;Title&#8220; _builder_version=&#8220;4.22.1&#8243; text_font=&#8220;||||||||&#8220; header_font=&#8220;Abhaya Libre|700|||||||&#8220; header_font_size=&#8220;70px&#8220; header_line_height=&#8220;1.2em&#8220; header_4_font=&#8220;||||||||&#8220; background_layout=&#8220;dark&#8220; custom_margin=&#8220;|||&#8220; custom_padding=&#8220;|||&#8220; header_font_size_tablet=&#8220;40px&#8220; header_font_size_phone=&#8220;&#8220; header_font_size_last_edited=&#8220;on|tablet&#8220; global_colors_info=&#8220;{}&#8220;]<\/p>\n<h1>Impressum<\/h1>\n<p>[\/et_pb_text][\/et_pb_column][\/et_pb_row][et_pb_row _builder_version=&#8220;4.22.1&#8243; custom_padding=&#8220;70px||70px|&#8220; global_colors_info=&#8220;{}&#8220;][et_pb_column type=&#8220;4_4&#8243; _builder_version=&#8220;4.16&#8243; background_color=&#8220;#f4f4f4&#8243; custom_padding=&#8220;|||&#8220; custom_padding_tablet=&#8220;40px|40px|40px|40px&#8220; custom_padding_phone=&#8220;40px|40px|40px|40px&#8220; custom_padding_last_edited=&#8220;on|tablet&#8220; global_colors_info=&#8220;{}&#8220; padding_tablet=&#8220;40px|40px|40px|40px&#8220; padding_last_edited=&#8220;on|tablet&#8220; custom_padding__hover=&#8220;|||&#8220; padding_phone=&#8220;40px|40px|40px|40px&#8220;][et_pb_text admin_label=&#8220;Text&#8220; _builder_version=&#8220;4.22.1&#8243; text_font=&#8220;Nunito||||||||&#8220; text_font_size=&#8220;18px&#8220; text_line_height=&#8220;1.8em&#8220; header_font=&#8220;||||||||&#8220; max_width=&#8220;600px&#8220; custom_margin=&#8220;|||&#8220; custom_padding=&#8220;||10px|&#8220; animation_style=&#8220;slide&#8220; animation_direction=&#8220;right&#8220; animation_intensity_slide=&#8220;5%&#8220; animation_starting_opacity=&#8220;100%&#8220; hover_enabled=&#8220;0&#8243; locked=&#8220;off&#8220; global_colors_info=&#8220;{}&#8220; sticky_enabled=&#8220;0&#8243;]<\/p>\n<h1>Nadia Birkenstock &#8211; Celtic Harp &amp; Song<\/h1>\n<p><span><\/span><\/p>\n<p><span>Majack 14<\/span><br \/><span>D &#8211; 29459 Clenze<\/span><br \/>Deutschland<\/p>\n<p><span>\u2709\ufe0f <\/span><a href=\"mailto:nadia.birkenstock@gmail.com\" class=\"link\" target=\"_blank\" rel=\"noopener\">E-Mail an Nadia Birkenstock<\/a><\/p>\n<p><strong>Inhaltlich verantwortlich:<\/strong><span>\u00a0Nadia Birkenstock<\/span><\/p>\n<p><strong>Haftungshinweis:<\/strong><strong><br \/><\/strong><span>Trotz sorgf\u00e4ltiger inhaltlicher Kontrolle \u00fcbernehmen wir keine Haftung f\u00fcr die Inhalte externer Links. F\u00fcr den Inhalt der verlinkten Seiten sind ausschlie\u00dflich deren Betreiber verantwortlich.\u00a0<\/span><\/p>\n<p><strong>Copyright:<\/strong><br \/><span>Es gelten die Vorschriften des deutschen Urheberrechts in seiner jeweiligen Fassung. Alle Rechte der Urheber an den gesch\u00fctzten Werken, die auf der Website enthalten sind, bleiben vorbehalten. Ohne ausdr\u00fcckliche Genehmigung durch den Betreiber der Seite und durch die GEMA \u00a0darf eine weitergehende Nutzung der Werke, \u00fcber das Anh\u00f6ren der eingestellten Musikwerke hinaus, nicht erfolgen.<\/span><br \/><span>S\u00e4mtliches auf diesen Seiten verwendetes Bildmaterial ist gesch\u00fctzt und darf nur mit verheriger schriftlicher Genehmigung abgedruckt und im Internet verwendet werden.<\/span><\/p>\n<p>[\/et_pb_text][\/et_pb_column][\/et_pb_row][\/et_pb_section]<\/p>\n","protected":false},"excerpt":{"rendered":"<p>ImpressumNadia Birkenstock &#8211; Celtic Harp &amp; Song Majack 14D &#8211; 29459 ClenzeDeutschland \u2709\ufe0f E-Mail an Nadia Birkenstock Inhaltlich verantwortlich:\u00a0Nadia Birkenstock Haftungshinweis:Trotz sorgf\u00e4ltiger inhaltlicher Kontrolle \u00fcbernehmen wir keine Haftung f\u00fcr die Inhalte externer Links. F\u00fcr den Inhalt der verlinkten Seiten sind ausschlie\u00dflich deren Betreiber verantwortlich.\u00a0 Copyright:Es gelten die Vorschriften des deutschen Urheberrechts in seiner jeweiligen Fassung. [&hellip;]<\/p>\n","protected":false},"author":1,"featured_media":0,"parent":0,"menu_order":0,"comment_status":"closed","ping_status":"closed","template":"","meta":{"_et_pb_use_builder":"on","_et_pb_old_content":"","_et_gb_content_width":"","footnotes":""},"class_list":["post-737","page","type-page","status-publish","hentry"],"_links":{"self":[{"href":"https:\/\/www.nadiabirkenstock.com\/de\/wp-json\/wp\/v2\/pages\/737","targetHints":{"allow":["GET"]}}],"collection":[{"href":"https:\/\/www.nadiabirkenstock.com\/de\/wp-json\/wp\/v2\/pages"}],"about":[{"href":"https:\/\/www.nadiabirkenstock.com\/de\/wp-json\/wp\/v2\/types\/page"}],"author":[{"embeddable":true,"href":"https:\/\/www.nadiabirkenstock.com\/de\/wp-json\/wp\/v2\/users\/1"}],"replies":[{"embeddable":true,"href":"https:\/\/www.nadiabirkenstock.com\/de\/wp-json\/wp\/v2\/comments?post=737"}],"version-history":[{"count":6,"href":"https:\/\/www.nadiabirkenstock.com\/de\/wp-json\/wp\/v2\/pages\/737\/revisions"}],"predecessor-version":[{"id":1500,"href":"https:\/\/www.nadiabirkenstock.com\/de\/wp-json\/wp\/v2\/pages\/737\/revisions\/1500"}],"wp:attachment":[{"href":"https:\/\/www.nadiabirkenstock.com\/de\/wp-json\/wp\/v2\/media?parent=737"}],"curies":[{"name":"wp","href":"https:\/\/api.w.org\/{rel}","templated":true}]}}