{"id":767,"date":"2023-09-17T12:05:52","date_gmt":"2023-09-17T12:05:52","guid":{"rendered":"https:\/\/www.nadiabirkenstock.com\/de\/?page_id=767"},"modified":"2025-08-03T12:45:09","modified_gmt":"2025-08-03T12:45:09","slug":"unterricht","status":"publish","type":"page","link":"https:\/\/www.nadiabirkenstock.com\/de\/unterricht\/","title":{"rendered":"Unterricht"},"content":{"rendered":"<p>[et_pb_section fb_built=&#8220;1&#8243; admin_label=&#8220;Page Title Section&#8220; _builder_version=&#8220;4.22.1&#8243; use_background_color_gradient=&#8220;on&#8220; background_color_gradient_direction=&#8220;115deg&#8220; background_color_gradient_stops=&#8220;#f4f4f4 27%|rgba(244,244,244,0) 80%&#8220; background_color_gradient_overlays_image=&#8220;on&#8220; background_color_gradient_start=&#8220;#f4f4f4&#8243; background_color_gradient_start_position=&#8220;50%&#8220; background_color_gradient_end=&#8220;rgba(244,244,244,0)&#8220; background_color_gradient_end_position=&#8220;80%&#8220; background_image=&#8220;https:\/\/www.nadiabirkenstock.com\/de\/wp-content\/uploads\/sites\/2\/2023\/09\/home-004.jpg&#8220; background_position=&#8220;top_left&#8220; background_horizontal_offset=&#8220;68%&#8220; custom_padding=&#8220;150px||0|&#8220; global_colors_info=&#8220;%91%93&#8243;][et_pb_row _builder_version=&#8220;4.22.1&#8243; background_color=&#8220;#383e59&#8243; background_size=&#8220;initial&#8220; background_position=&#8220;top_left&#8220; background_repeat=&#8220;repeat&#8220; max_width=&#8220;960px&#8220; custom_margin=&#8220;|||0px&#8220; custom_padding=&#8220;27px|40px||10%&#8220; filter_opacity=&#8220;60%&#8220; animation_style=&#8220;slide&#8220; animation_direction=&#8220;left&#8220; animation_intensity_slide=&#8220;2%&#8220; border_radii=&#8220;||6px|6px|&#8220; border_width_right=&#8220;30px&#8220; border_color_right=&#8220;#bdada0&#8243; box_shadow_style=&#8220;preset3&#8243; box_shadow_vertical=&#8220;35px&#8220; box_shadow_blur=&#8220;70px&#8220; box_shadow_spread=&#8220;-35px&#8220; box_shadow_color=&#8220;rgba(0,0,0,0.6)&#8220; use_custom_width=&#8220;on&#8220; custom_width_px=&#8220;960px&#8220; global_colors_info=&#8220;{}&#8220;][et_pb_column type=&#8220;4_4&#8243; _builder_version=&#8220;4.22.1&#8243; custom_padding=&#8220;|||&#8220; custom_padding_tablet=&#8220;|||10%&#8220; custom_padding_last_edited=&#8220;off|desktop&#8220; global_colors_info=&#8220;{}&#8220; padding_tablet=&#8220;|||10%&#8220; padding_last_edited=&#8220;off|desktop&#8220; custom_padding__hover=&#8220;|||&#8220;][et_pb_text admin_label=&#8220;Title&#8220; _builder_version=&#8220;4.22.1&#8243; text_font=&#8220;||||||||&#8220; header_font=&#8220;Abhaya Libre|700|||||||&#8220; header_font_size=&#8220;70px&#8220; header_line_height=&#8220;1.2em&#8220; header_4_font=&#8220;||||||||&#8220; background_layout=&#8220;dark&#8220; custom_margin=&#8220;|||&#8220; custom_padding=&#8220;|||&#8220; header_font_size_tablet=&#8220;40px&#8220; header_font_size_phone=&#8220;&#8220; header_font_size_last_edited=&#8220;on|tablet&#8220; global_colors_info=&#8220;{}&#8220;]<\/p>\n<h1>Unterricht &amp; Workshops<\/h1>\n<p>[\/et_pb_text][\/et_pb_column][\/et_pb_row][\/et_pb_section][et_pb_section fb_built=&#8220;1&#8243; admin_label=&#8220;Events Section&#8220; _builder_version=&#8220;4.22.1&#8243; use_background_color_gradient=&#8220;on&#8220; background_color_gradient_direction=&#8220;90deg&#8220; background_color_gradient_stops=&#8220;#f4f4f4 50%|rgba(244,244,244,0) 80%&#8220; background_color_gradient_overlays_image=&#8220;on&#8220; background_color_gradient_start=&#8220;#f4f4f4&#8243; background_color_gradient_start_position=&#8220;50%&#8220; background_color_gradient_end=&#8220;rgba(244,244,244,0)&#8220; background_color_gradient_end_position=&#8220;80%&#8220; background_image=&#8220;https:\/\/www.nadiabirkenstock.com\/de\/wp-content\/uploads\/sites\/2\/2023\/09\/paper.jpg&#8220; background_enable_image=&#8220;off&#8220; custom_padding=&#8220;70px||70px|&#8220; global_colors_info=&#8220;%91%93&#8243;][et_pb_row _builder_version=&#8220;4.22.1&#8243; _module_preset=&#8220;default&#8220; global_colors_info=&#8220;{}&#8220;][et_pb_column type=&#8220;4_4&#8243; _builder_version=&#8220;4.22.1&#8243; _module_preset=&#8220;default&#8220; global_colors_info=&#8220;{}&#8220;][et_pb_text _builder_version=&#8220;4.22.1&#8243; _module_preset=&#8220;default&#8220; text_font_size=&#8220;17px&#8220; link_option_url_new_window=&#8220;on&#8220; global_colors_info=&#8220;{}&#8220;]<\/p>\n<p>Ich gebe regelm\u00e4ssig Workshops im In- und Ausland (Sprachen: Deutsch, Englisch, Franz\u00f6sich) und gebe Einzelunterricht sowohl in Pr\u00e4senz als auch Online.<\/p>\n<p>Kontaktieren Sie mich gerne:<\/p>\n<p>[\/et_pb_text][et_pb_text _builder_version=&#8220;4.22.1&#8243; _module_preset=&#8220;default&#8220; link_option_url=&#8220;mailto:nadia.birkenstock@gmail.com&#8220; link_option_url_new_window=&#8220;on&#8220; global_colors_info=&#8220;{}&#8220;]<\/p>\n<p><span style=\"text-decoration: underline;\"><span style=\"color: #666699; text-decoration: underline;\">nadia.birkenstock@gmail.com<\/span><\/span><\/p>\n<p>[\/et_pb_text][\/et_pb_column][\/et_pb_row][\/et_pb_section][et_pb_section fb_built=&#8220;1&#8243; _builder_version=&#8220;4.22.1&#8243; _module_preset=&#8220;default&#8220; use_background_color_gradient=&#8220;on&#8220; background_color_gradient_direction=&#8220;90deg&#8220; background_color_gradient_stops=&#8220;#f4f4f4 50%|rgba(244,244,244,0) 80%&#8220; background_color_gradient_overlays_image=&#8220;on&#8220; background_color_gradient_start=&#8220;#f4f4f4&#8243; background_color_gradient_start_position=&#8220;50%&#8220; background_color_gradient_end=&#8220;rgba(244,244,244,0)&#8220; background_color_gradient_end_position=&#8220;80%&#8220; background_enable_image=&#8220;off&#8220; global_colors_info=&#8220;%91%93&#8243;][et_pb_row _builder_version=&#8220;4.22.1&#8243; _module_preset=&#8220;default&#8220; global_colors_info=&#8220;{}&#8220;][et_pb_column type=&#8220;4_4&#8243; _builder_version=&#8220;4.22.1&#8243; _module_preset=&#8220;default&#8220; global_colors_info=&#8220;{}&#8220;][et_pb_image src=&#8220;https:\/\/www.nadiabirkenstock.com\/de\/wp-content\/uploads\/sites\/2\/2023\/09\/Gros-Screenshot-OBS_Setup-3.jpeg&#8220; alt=&#8220;Nadia Birkesntock Teaching Online&#8220; title_text=&#8220;Nadia Birkesntock Teaching Online&#8220; _builder_version=&#8220;4.22.1&#8243; _module_preset=&#8220;default&#8220; global_colors_info=&#8220;{}&#8220;][\/et_pb_image][\/et_pb_column][\/et_pb_row][\/et_pb_section][et_pb_section fb_built=&#8220;1&#8243; _builder_version=&#8220;4.22.1&#8243; _module_preset=&#8220;default&#8220; use_background_color_gradient=&#8220;on&#8220; background_color_gradient_direction=&#8220;90deg&#8220; background_color_gradient_stops=&#8220;#f4f4f4 50%|rgba(244,244,244,0) 80%&#8220; background_color_gradient_overlays_image=&#8220;on&#8220; background_color_gradient_start=&#8220;#f4f4f4&#8243; background_color_gradient_start_position=&#8220;50%&#8220; background_color_gradient_end=&#8220;rgba(244,244,244,0)&#8220; background_color_gradient_end_position=&#8220;80%&#8220; background_enable_image=&#8220;off&#8220; global_colors_info=&#8220;%91%93&#8243;][et_pb_row column_structure=&#8220;1_2,1_2&#8243; _builder_version=&#8220;4.22.1&#8243; _module_preset=&#8220;default&#8220; global_colors_info=&#8220;{}&#8220;][et_pb_column type=&#8220;1_2&#8243; _builder_version=&#8220;4.22.1&#8243; _module_preset=&#8220;default&#8220; global_colors_info=&#8220;{}&#8220;][et_pb_image src=&#8220;https:\/\/www.nadiabirkenstock.com\/de\/wp-content\/uploads\/sites\/2\/2023\/09\/Screenshot-Testimonials-Lessons-06-Kopie.jpeg&#8220; alt=&#8220;Testimonials Lessons&#8220; title_text=&#8220;Testimonials Lessons&#8220; _builder_version=&#8220;4.22.1&#8243; _module_preset=&#8220;default&#8220; global_colors_info=&#8220;{}&#8220;][\/et_pb_image][\/et_pb_column][et_pb_column type=&#8220;1_2&#8243; _builder_version=&#8220;4.22.1&#8243; _module_preset=&#8220;default&#8220; global_colors_info=&#8220;{}&#8220;][et_pb_text _builder_version=&#8220;4.22.1&#8243; _module_preset=&#8220;default&#8220; text_font_size=&#8220;19px&#8220; global_colors_info=&#8220;{}&#8220;]<\/p>\n<p>Ailie Robertson&#8217;s &#8222;Winter Harp Festival&#8220; 2023<br \/>Student Feedback<\/p>\n<p>[\/et_pb_text][et_pb_button button_url=&#8220;https:\/\/www.nadiabirkenstock.com\/blog\/winter-harp-festival\/&#8220; button_text=&#8220;Mehr \u00fcber das Winter Harp Festival Online 2023&#8243; button_alignment=&#8220;center&#8220; _builder_version=&#8220;4.22.1&#8243; _module_preset=&#8220;default&#8220; custom_button=&#8220;on&#8220; button_bg_color=&#8220;rgba(0,0,0,0.07)&#8220; button_border_width=&#8220;0px&#8220; global_colors_info=&#8220;{}&#8220;][\/et_pb_button][\/et_pb_column][\/et_pb_row][\/et_pb_section]<\/p>\n","protected":false},"excerpt":{"rendered":"<p>Unterricht &amp; WorkshopsIch gebe regelm\u00e4ssig Workshops im In- und Ausland (Sprachen: Deutsch, Englisch, Franz\u00f6sich) und gebe Einzelunterricht sowohl in Pr\u00e4senz als auch Online. Kontaktieren Sie mich gerne:nadia.birkenstock@gmail.comAilie Robertson&#8217;s &#8222;Winter Harp Festival&#8220; 2023Student Feedback<\/p>\n","protected":false},"author":1,"featured_media":0,"parent":0,"menu_order":0,"comment_status":"closed","ping_status":"closed","template":"","meta":{"_et_pb_use_builder":"on","_et_pb_old_content":"","_et_gb_content_width":"","footnotes":""},"class_list":["post-767","page","type-page","status-publish","hentry"],"_links":{"self":[{"href":"https:\/\/www.nadiabirkenstock.com\/de\/wp-json\/wp\/v2\/pages\/767","targetHints":{"allow":["GET"]}}],"collection":[{"href":"https:\/\/www.nadiabirkenstock.com\/de\/wp-json\/wp\/v2\/pages"}],"about":[{"href":"https:\/\/www.nadiabirkenstock.com\/de\/wp-json\/wp\/v2\/types\/page"}],"author":[{"embeddable":true,"href":"https:\/\/www.nadiabirkenstock.com\/de\/wp-json\/wp\/v2\/users\/1"}],"replies":[{"embeddable":true,"href":"https:\/\/www.nadiabirkenstock.com\/de\/wp-json\/wp\/v2\/comments?post=767"}],"version-history":[{"count":7,"href":"https:\/\/www.nadiabirkenstock.com\/de\/wp-json\/wp\/v2\/pages\/767\/revisions"}],"predecessor-version":[{"id":1561,"href":"https:\/\/www.nadiabirkenstock.com\/de\/wp-json\/wp\/v2\/pages\/767\/revisions\/1561"}],"wp:attachment":[{"href":"https:\/\/www.nadiabirkenstock.com\/de\/wp-json\/wp\/v2\/media?parent=767"}],"curies":[{"name":"wp","href":"https:\/\/api.w.org\/{rel}","templated":true}]}}