{"id":152,"date":"2018-03-21T18:49:12","date_gmt":"2018-03-21T18:49:12","guid":{"rendered":"http:\/\/www.keltische-harfe.de\/shop\/de\/produkt\/import-placeholder-for-127\/"},"modified":"2023-11-09T18:03:04","modified_gmt":"2023-11-09T18:03:04","slug":"le-defile-pdf","status":"publish","type":"product","link":"https:\/\/www.nadiabirkenstock.com\/shop\/de\/produkt\/le-defile-pdf\/","title":{"rendered":"Le D\u00e9fil\u00e9 (Harfenmusik f\u00fcr eine Fashion-Show)- PDF"},"content":{"rendered":"<p>&#8220;Dieses St\u00fcck habe ich f\u00fcr eine franz\u00f6sische Sch\u00fclerin geschrieben, deren Schwester ihre erste Modenschau plante und sie gefragt hatte, ob sie nicht einen Teil davon mit Harfenmusik begleiten k\u00f6nnte.<br \/>\nIch fand die Idee gro\u00dfartig, und schrieb diese Art &#8220;ambient music&#8221;, die rhythmissch beginnt und dann sp\u00e4ter mehr ins Impressionistische geht.<br \/>\nJeder der musikalischen Teile musste leicht zu verk\u00fcrzen, zu verl\u00e4ngern, zu wiederholen sein, da die Harfenistin beim Spielen die Auftritte der Models auf dem Laufsteg im Auge behalten mu\u00dfte.&#8221;<\/p>\n<p><iframe loading=\"lazy\" src=\"https:\/\/w.soundcloud.com\/player\/?url=https%3A\/\/api.soundcloud.com\/tracks\/770817451&amp;color=%23a8bccc&amp;auto_play=false&amp;hide_related=false&amp;show_comments=true&amp;show_user=true&amp;show_reposts=false&amp;show_teaser=true&amp;visual=true\" width=\"100%\" height=\"300\" frameborder=\"no\" scrolling=\"no\"><\/iframe><\/p>\n","protected":false},"excerpt":{"rendered":"<p>Komposition Nadia Birkenstock<br \/>\nf\u00fcr keltische Harfe solo<br \/>\n(auch f\u00fcr Klavier geeignet)<\/p>\n<p>Noten: 3 Seiten<br \/>\nSpielniveau: leicht<\/p>\n<p>Klangbeispiel weiter unten auf dieser Seite<\/p>\n","protected":false},"featured_media":211,"template":"","meta":[],"product_brand":[],"product_cat":[79,28,17],"product_tag":[39,31,40],"class_list":{"0":"post-152","1":"product","2":"type-product","3":"status-publish","4":"has-post-thumbnail","6":"product_cat-level-einfach","7":"product_cat-kompositionen_von_nadia_birkenstock","8":"product_cat-solostuecke_fuer_keltische_harfe","9":"product_tag-celtic-harp-solo","10":"product_tag-nadia-birkenstock","11":"product_tag-sheet-music","13":"first","14":"instock","15":"downloadable","16":"virtual","17":"purchasable","18":"product-type-simple"},"_links":{"self":[{"href":"https:\/\/www.nadiabirkenstock.com\/shop\/de\/wp-json\/wp\/v2\/product\/152","targetHints":{"allow":["GET"]}}],"collection":[{"href":"https:\/\/www.nadiabirkenstock.com\/shop\/de\/wp-json\/wp\/v2\/product"}],"about":[{"href":"https:\/\/www.nadiabirkenstock.com\/shop\/de\/wp-json\/wp\/v2\/types\/product"}],"wp:featuredmedia":[{"embeddable":true,"href":"https:\/\/www.nadiabirkenstock.com\/shop\/de\/wp-json\/wp\/v2\/media\/211"}],"wp:attachment":[{"href":"https:\/\/www.nadiabirkenstock.com\/shop\/de\/wp-json\/wp\/v2\/media?parent=152"}],"wp:term":[{"taxonomy":"product_brand","embeddable":true,"href":"https:\/\/www.nadiabirkenstock.com\/shop\/de\/wp-json\/wp\/v2\/product_brand?post=152"},{"taxonomy":"product_cat","embeddable":true,"href":"https:\/\/www.nadiabirkenstock.com\/shop\/de\/wp-json\/wp\/v2\/product_cat?post=152"},{"taxonomy":"product_tag","embeddable":true,"href":"https:\/\/www.nadiabirkenstock.com\/shop\/de\/wp-json\/wp\/v2\/product_tag?post=152"}],"curies":[{"name":"wp","href":"https:\/\/api.w.org\/{rel}","templated":true}]}}